{"id":19516,"date":"2023-09-15T15:17:59","date_gmt":"2023-09-15T13:17:59","guid":{"rendered":"https:\/\/cease-violence.eu\/protect\/"},"modified":"2024-02-10T10:24:50","modified_gmt":"2024-02-10T09:24:50","slug":"protect","status":"publish","type":"page","link":"https:\/\/cease-violence.eu\/es\/protect\/","title":{"rendered":"Protect"},"content":{"rendered":"\t\t<div data-elementor-type=\"wp-page\" data-elementor-id=\"19516\" class=\"elementor elementor-19516\" data-elementor-post-type=\"page\">\n\t\t\t\t<div class=\"elementor-element elementor-element-8b1b1cb e-flex e-con-boxed e-con e-parent\" data-id=\"8b1b1cb\" data-element_type=\"container\" data-e-type=\"container\" data-settings=\"{&quot;background_background&quot;:&quot;classic&quot;}\">\n\t\t\t\t\t<div class=\"e-con-inner\">\n\t\t\t\t<div class=\"elementor-element elementor-element-fa4bce9 elementor-widget__width-initial elementor-widget elementor-widget-image\" data-id=\"fa4bce9\" data-element_type=\"widget\" data-e-type=\"widget\" data-widget_type=\"image.default\">\n\t\t\t\t<div class=\"elementor-widget-container\">\n\t\t\t\t\t\t\t\t\t\t\t\t\t\t\t<img fetchpriority=\"high\" decoding=\"async\" width=\"300\" height=\"400\" src=\"https:\/\/cease-violence.eu\/wp-content\/uploads\/2023\/09\/instructor-2-free-img.jpg\" class=\"attachment-large size-large wp-image-17723\" alt=\"\" srcset=\"https:\/\/cease-violence.eu\/wp-content\/uploads\/2023\/09\/instructor-2-free-img.jpg 300w, https:\/\/cease-violence.eu\/wp-content\/uploads\/2023\/09\/instructor-2-free-img-225x300.jpg 225w\" sizes=\"(max-width: 300px) 100vw, 300px\" \/>\t\t\t\t\t\t\t\t\t\t\t\t\t\t\t<\/div>\n\t\t\t\t<\/div>\n\t\t\t\t<div class=\"elementor-element elementor-element-8b31b10 elementor-widget__width-initial elementor-widget elementor-widget-image\" data-id=\"8b31b10\" data-element_type=\"widget\" data-e-type=\"widget\" data-widget_type=\"image.default\">\n\t\t\t\t<div class=\"elementor-widget-container\">\n\t\t\t\t\t\t\t\t\t\t\t\t\t\t\t<img decoding=\"async\" width=\"276\" height=\"276\" src=\"https:\/\/cease-violence.eu\/wp-content\/uploads\/2023\/09\/about-1-free-img.jpg\" class=\"attachment-large size-large wp-image-17713\" alt=\"\" srcset=\"https:\/\/cease-violence.eu\/wp-content\/uploads\/2023\/09\/about-1-free-img.jpg 276w, https:\/\/cease-violence.eu\/wp-content\/uploads\/2023\/09\/about-1-free-img-150x150.jpg 150w\" sizes=\"(max-width: 276px) 100vw, 276px\" \/>\t\t\t\t\t\t\t\t\t\t\t\t\t\t\t<\/div>\n\t\t\t\t<\/div>\n\t\t\t\t<div class=\"elementor-element elementor-element-a7aafec elementor-widget__width-initial elementor-cta--skin-classic elementor-animated-content elementor-bg-transform elementor-bg-transform-zoom-in elementor-widget elementor-widget-call-to-action\" data-id=\"a7aafec\" data-element_type=\"widget\" data-e-type=\"widget\" data-widget_type=\"call-to-action.default\">\n\t\t\t\t<div class=\"elementor-widget-container\">\n\t\t\t\t\t\t\t<div class=\"elementor-cta\">\n\t\t\t\t\t\t\t<div class=\"elementor-cta__content\">\n\t\t\t\t\n\t\t\t\t\t\t\t\t\t<h2 class=\"elementor-cta__title elementor-cta__content-item elementor-content-item\">\n\t\t\t\t\t\tProtect\t\t\t\t\t<\/h2>\n\t\t\t\t\n\t\t\t\t\t\t\t\t\t<div class=\"elementor-cta__description elementor-cta__content-item elementor-content-item\">\n\t\t\t\t\t\tAl centrarse en el sector laboral, la acci\u00f3n PROTECT establecer\u00e1 objetivos ambiciosos pero tangibles para contribuir a un mercado laboral m\u00e1s inclusivo, atractivo y, en \u00faltima instancia, igualitario en toda Europa a trav\u00e9s de pasos secuenciales que abordar\u00e1n la construcci\u00f3n de una FP nacional y, a su vez, transnacional. sistemas que promuevan la igualdad de oportunidades sobre la base de programas inclusivos y accesibles.\t\t\t\t\t<\/div>\n\t\t\t\t\n\t\t\t\t\t\t\t\t\t<div class=\"elementor-cta__button-wrapper elementor-cta__content-item elementor-content-item \">\n\t\t\t\t\t<a class=\"elementor-cta__button elementor-button elementor-size-\" href=\"https:\/\/cease-violence.eu\/es\/protect\/modules\/\">\n\t\t\t\t\t\tComienza a aprender\t\t\t\t\t<\/a>\n\t\t\t\t\t<\/div>\n\t\t\t\t\t\t\t<\/div>\n\t\t\t\t\t\t<\/div>\n\t\t\t\t\t\t<\/div>\n\t\t\t\t<\/div>\n\t\t\t\t\t<\/div>\n\t\t\t\t<\/div>\n\t\t\t\t<\/div>\n\t\t","protected":false},"excerpt":{"rendered":"<p>Protect Al centrarse en el sector laboral, la acci\u00f3n PROTECT establecer\u00e1 objetivos ambiciosos pero tangibles para contribuir a un mercado laboral m\u00e1s inclusivo, atractivo y, en \u00faltima instancia, igualitario en toda Europa a trav\u00e9s de pasos secuenciales que abordar\u00e1n la construcci\u00f3n de una FP nacional y, a su vez, transnacional. sistemas que promuevan la igualdad [&hellip;]<\/p>\n","protected":false},"author":1,"featured_media":0,"parent":0,"menu_order":0,"comment_status":"closed","ping_status":"closed","template":"","meta":{"_acf_changed":false,"footnotes":""},"class_list":["post-19516","page","type-page","status-publish","hentry"],"acf":[],"_links":{"self":[{"href":"https:\/\/cease-violence.eu\/es\/wp-json\/wp\/v2\/pages\/19516","targetHints":{"allow":["GET"]}}],"collection":[{"href":"https:\/\/cease-violence.eu\/es\/wp-json\/wp\/v2\/pages"}],"about":[{"href":"https:\/\/cease-violence.eu\/es\/wp-json\/wp\/v2\/types\/page"}],"author":[{"embeddable":true,"href":"https:\/\/cease-violence.eu\/es\/wp-json\/wp\/v2\/users\/1"}],"replies":[{"embeddable":true,"href":"https:\/\/cease-violence.eu\/es\/wp-json\/wp\/v2\/comments?post=19516"}],"version-history":[{"count":10,"href":"https:\/\/cease-violence.eu\/es\/wp-json\/wp\/v2\/pages\/19516\/revisions"}],"predecessor-version":[{"id":20089,"href":"https:\/\/cease-violence.eu\/es\/wp-json\/wp\/v2\/pages\/19516\/revisions\/20089"}],"wp:attachment":[{"href":"https:\/\/cease-violence.eu\/es\/wp-json\/wp\/v2\/media?parent=19516"}],"curies":[{"name":"wp","href":"https:\/\/api.w.org\/{rel}","templated":true}]}}