{"id":12920,"date":"2022-04-30T13:12:59","date_gmt":"2022-04-30T11:12:59","guid":{"rendered":"https:\/\/cease-violence.eu\/set-the-tone\/training-completed\/"},"modified":"2022-06-15T12:00:01","modified_gmt":"2022-06-15T10:00:01","slug":"usposabljanje-koncano","status":"publish","type":"page","link":"https:\/\/cease-violence.eu\/sl\/set-the-tone\/usposabljanje-koncano\/","title":{"rendered":"Usposabljanje kon\u010dano"},"content":{"rendered":"\t\t<div data-elementor-type=\"wp-page\" data-elementor-id=\"12920\" class=\"elementor elementor-12920\" data-elementor-post-type=\"page\">\n\t\t\t\t\t\t<section class=\"elementor-section elementor-top-section elementor-element elementor-element-5160f4e elementor-section-boxed elementor-section-height-default elementor-section-height-default\" data-id=\"5160f4e\" data-element_type=\"section\" data-e-type=\"section\" data-settings=\"{&quot;background_background&quot;:&quot;gradient&quot;}\">\n\t\t\t\t\t\t<div class=\"elementor-container elementor-column-gap-default\">\n\t\t\t\t\t<div class=\"elementor-column elementor-col-100 elementor-top-column elementor-element elementor-element-623933e\" data-id=\"623933e\" data-element_type=\"column\" data-e-type=\"column\">\n\t\t\t<div class=\"elementor-widget-wrap elementor-element-populated\">\n\t\t\t\t\t\t<div class=\"elementor-element elementor-element-068fec7 elementor-widget elementor-widget-heading\" data-id=\"068fec7\" data-element_type=\"widget\" data-e-type=\"widget\" data-widget_type=\"heading.default\">\n\t\t\t\t<div class=\"elementor-widget-container\">\n\t\t\t\t\t<h1 class=\"elementor-heading-title elementor-size-default\">Usposabljanje kon\u010dano<\/h1>\t\t\t\t<\/div>\n\t\t\t\t<\/div>\n\t\t\t\t\t<\/div>\n\t\t<\/div>\n\t\t\t\t\t<\/div>\n\t\t<\/section>\n\t\t\t\t<section class=\"elementor-section elementor-top-section elementor-element elementor-element-aef57b9 elementor-section-boxed elementor-section-height-default elementor-section-height-default\" data-id=\"aef57b9\" data-element_type=\"section\" data-e-type=\"section\">\n\t\t\t\t\t\t<div class=\"elementor-container elementor-column-gap-default\">\n\t\t\t\t\t<div class=\"elementor-column elementor-col-100 elementor-top-column elementor-element elementor-element-28b8cb6\" data-id=\"28b8cb6\" data-element_type=\"column\" data-e-type=\"column\">\n\t\t\t<div class=\"elementor-widget-wrap elementor-element-populated\">\n\t\t\t\t\t\t<div class=\"elementor-element elementor-element-26d4a90 elementor-widget elementor-widget-heading\" data-id=\"26d4a90\" data-element_type=\"widget\" data-e-type=\"widget\" data-widget_type=\"heading.default\">\n\t\t\t\t<div class=\"elementor-widget-container\">\n\t\t\t\t\t<h2 class=\"elementor-heading-title elementor-size-default\">\u010cestitke!<br>Zaklju\u010dili ste osnovno spletno usposabljanje projekta Set The Tone o spolnem nadlegovanju na delovnem mestu.<\/h2>\t\t\t\t<\/div>\n\t\t\t\t<\/div>\n\t\t\t\t<div class=\"elementor-element elementor-element-869ed72 elementor-widget__width-auto elementor-widget elementor-widget-heading\" data-id=\"869ed72\" data-element_type=\"widget\" data-e-type=\"widget\" data-widget_type=\"heading.default\">\n\t\t\t\t<div class=\"elementor-widget-container\">\n\t\t\t\t\t<h3 class=\"elementor-heading-title elementor-size-default\"><\/h3>\t\t\t\t<\/div>\n\t\t\t\t<\/div>\n\t\t\t\t<div class=\"elementor-element elementor-element-4836820 elementor-widget elementor-widget-text-editor\" data-id=\"4836820\" data-element_type=\"widget\" data-e-type=\"widget\" data-widget_type=\"text-editor.default\">\n\t\t\t\t<div class=\"elementor-widget-container\">\n\t\t\t\t\t\t\t\t\t<p>Upamo, da je bilo usposabljanje koristno in da se \u017ee po\u010dutite bolj opolnomo\u010deni za ukrepanje.<\/p><p>Da bi prejeli potrdilo o zaklju\u010dku mora biti vsak element modula ozna\u010den kot opravljen. Dvakrat preverite <strong><a href=\"https:\/\/cease-violence.eu\/sl\/account\/\">indeks usposabljanja na strani va\u0161ega ra\u010duna<\/a><\/strong> in se prepri\u010dajte, da je pri vsakem modulu in predmetu usposabljanja kljukica in je ozna\u010den kot dokon\u010dan.<\/p><p>Upamo, da se kmalu vidimo na enem od na\u0161ih javnih dogodkov, do takrat pa se vam zahvaljujemo za va\u0161e trdo delo in vas vabimo, da \u0161e naprej spremljate na\u0161 projekt na <a href=\"https:\/\/set-the-tone-project.eu\/\" target=\"_blank\" rel=\"noopener\">spletni strani<\/a> projekta ali <a href=\"https:\/\/www.linkedin.com\/showcase\/set-the-tone-project\/about\/\" target=\"_blank\" rel=\"noopener\">LinkedIn<\/a> strani.<\/p>\t\t\t\t\t\t\t\t<\/div>\n\t\t\t\t<\/div>\n\t\t\t\t<div class=\"elementor-element elementor-element-c86209e elementor-widget elementor-widget-shortcode\" data-id=\"c86209e\" data-element_type=\"widget\" data-e-type=\"widget\" data-widget_type=\"shortcode.default\">\n\t\t\t\t<div class=\"elementor-widget-container\">\n\t\t\t\t\t\t\t<div class=\"elementor-shortcode\"><\/div>\n\t\t\t\t\t\t<\/div>\n\t\t\t\t<\/div>\n\t\t\t\t\t<\/div>\n\t\t<\/div>\n\t\t\t\t\t<\/div>\n\t\t<\/section>\n\t\t\t\t<\/div>\n\t\t","protected":false},"excerpt":{"rendered":"<p>Usposabljanje kon\u010dano \u010cestitke!Zaklju\u010dili ste osnovno spletno usposabljanje projekta Set The Tone o spolnem nadlegovanju na delovnem mestu. Upamo, da je bilo usposabljanje koristno in da se \u017ee po\u010dutite bolj opolnomo\u010deni za ukrepanje. Da bi prejeli potrdilo o zaklju\u010dku mora biti vsak element modula ozna\u010den kot opravljen. Dvakrat preverite indeks usposabljanja na strani va\u0161ega ra\u010duna in [&hellip;]<\/p>\n","protected":false},"author":1,"featured_media":0,"parent":9432,"menu_order":0,"comment_status":"closed","ping_status":"closed","template":"","meta":{"_acf_changed":false,"footnotes":""},"class_list":["post-12920","page","type-page","status-publish","hentry"],"acf":[],"_links":{"self":[{"href":"https:\/\/cease-violence.eu\/sl\/wp-json\/wp\/v2\/pages\/12920","targetHints":{"allow":["GET"]}}],"collection":[{"href":"https:\/\/cease-violence.eu\/sl\/wp-json\/wp\/v2\/pages"}],"about":[{"href":"https:\/\/cease-violence.eu\/sl\/wp-json\/wp\/v2\/types\/page"}],"author":[{"embeddable":true,"href":"https:\/\/cease-violence.eu\/sl\/wp-json\/wp\/v2\/users\/1"}],"replies":[{"embeddable":true,"href":"https:\/\/cease-violence.eu\/sl\/wp-json\/wp\/v2\/comments?post=12920"}],"version-history":[{"count":0,"href":"https:\/\/cease-violence.eu\/sl\/wp-json\/wp\/v2\/pages\/12920\/revisions"}],"up":[{"embeddable":true,"href":"https:\/\/cease-violence.eu\/sl\/wp-json\/wp\/v2\/pages\/9432"}],"wp:attachment":[{"href":"https:\/\/cease-violence.eu\/sl\/wp-json\/wp\/v2\/media?parent=12920"}],"curies":[{"name":"wp","href":"https:\/\/api.w.org\/{rel}","templated":true}]}}